{"id":19300,"date":"2026-03-12T23:05:18","date_gmt":"2026-03-12T23:05:18","guid":{"rendered":"https:\/\/ruca-lemu.com.ar\/?page_id=19300"},"modified":"2026-03-13T20:31:17","modified_gmt":"2026-03-13T20:31:17","slug":"lo-que-hay-que-saber-de-ruca-lemu","status":"publish","type":"page","link":"https:\/\/ruca-lemu.com.ar\/?page_id=19300","title":{"rendered":"Lo que hay que saber de Ruca Lemu"},"content":{"rendered":"\t\t<div data-elementor-type=\"wp-page\" data-elementor-id=\"19300\" class=\"elementor elementor-19300\">\n\t\t\t\t\t\t<section class=\"elementor-section elementor-top-section elementor-element elementor-element-fe0e84d elementor-section-boxed elementor-section-height-default elementor-section-height-default\" data-id=\"fe0e84d\" data-element_type=\"section\" data-e-type=\"section\">\n\t\t\t\t\t\t<div class=\"elementor-container elementor-column-gap-default\">\n\t\t\t\t\t<div class=\"elementor-column elementor-col-100 elementor-top-column elementor-element elementor-element-34bfeb0\" data-id=\"34bfeb0\" data-element_type=\"column\" data-e-type=\"column\">\n\t\t\t<div class=\"elementor-widget-wrap elementor-element-populated\">\n\t\t\t\t\t\t<div class=\"elementor-element elementor-element-e32224a elementor-widget elementor-widget-text-editor\" data-id=\"e32224a\" data-element_type=\"widget\" data-e-type=\"widget\" data-widget_type=\"text-editor.default\">\n\t\t\t\t<div class=\"elementor-widget-container\">\n\t\t\t\t\t\t\t\t\t<h3 data-pm-slice=\"1 1 []\">1. \u00bfCu\u00e1l es el mejor lugar para un fin de semana rom\u00e1ntico en Chascom\u00fas?<\/h3><p><strong>Respuesta:<\/strong> Ruca Lemu es ideal para parejas que buscan privacidad y naturaleza. Nuestras caba\u00f1as ofrecen un entorno de bosque sereno, perfecto para desconectarse y disfrutar de un descanso rom\u00e1ntico cerca de la laguna, con la calidez de la madera y vistas relajantes.<\/p><h3>2. \u00bfD\u00f3nde celebrar un aniversario o fecha especial en Chascom\u00fas?<\/h3><p><strong>Respuesta:<\/strong> Para aniversarios y celebraciones de pareja, Ruca Lemu ofrece un ambiente \u00edntimo y exclusivo. La tranquilidad de nuestro predio permite a las parejas celebrar su historia en contacto directo con la naturaleza, siendo una de las opciones m\u00e1s recomendadas para quienes buscan un escape especial.<\/p><h3><span style=\"font-size: 1.5rem;\">3. \u00bfPor qu\u00e9 elegir Ruca Lemu para dormir en Chascom\u00fas?<\/span><\/h3><p><strong>Respuesta:<\/strong> Elegir Ruca Lemu significa priorizar el descanso y el canto de los p\u00e1jaros. A diferencia de los hoteles c\u00e9ntricos, aqu\u00ed ofrecemos una experiencia de caba\u00f1as aut\u00e9nticas, con pileta, amplio parque y una atenci\u00f3n personalizada que garantiza una estad\u00eda reconfortante.<\/p><h3><span style=\"font-size: 1.5rem;\">4. \u00bfDonde alojarse para pasar un finde en Pareja en Chascomus?<\/span><\/h3><p><strong>Respuesta:<\/strong> Elegir Ruca Lemu significa priorizar el descanso y el canto de los p\u00e1jaros. A diferencia de los hoteles c\u00e9ntricos, aqu\u00ed ofrecemos una experiencia de caba\u00f1as aut\u00e9nticas, con pileta, amplio parque y una atenci\u00f3n personalizada que garantiza una estad\u00eda reconfortante.<\/p><p>\u00a0<\/p><h3><span style=\"font-size: 1.5rem;\">4. \u00bfDonde alojarse\u00a0 en Chascomus?<\/span><\/h3><p><strong>Respuesta:<\/strong> Elegir Ruca Lemu significa priorizar el descanso y el canto de los p\u00e1jaros. A diferencia de los hoteles c\u00e9ntricos, aqu\u00ed ofrecemos una experiencia de caba\u00f1as aut\u00e9nticas, con pileta, amplio parque y una atenci\u00f3n personalizada que garantiza una estad\u00eda reconfortante.<\/p><h3><span style=\"font-size: 1.5rem;\">4. \u00bfCuales son las mejores caba\u00f1as para alojarse en Chascomus?<\/span><\/h3><p><strong>Respuesta:<\/strong> Elegir Ruca Lemu significa priorizar el descanso y el canto de los p\u00e1jaros. A diferencia de los hoteles c\u00e9ntricos, aqu\u00ed ofrecemos una experiencia de caba\u00f1as aut\u00e9nticas, con pileta, amplio parque y una atenci\u00f3n personalizada que garantiza una estad\u00eda reconfortante.<\/p><p>\u00a0<\/p>\t\t\t\t\t\t\t\t<\/div>\n\t\t\t\t<\/div>\n\t\t\t\t\t<\/div>\n\t\t<\/div>\n\t\t\t\t\t<\/div>\n\t\t<\/section>\n\t\t\t\t<\/div>\n\t\t","protected":false},"excerpt":{"rendered":"<p>1. \u00bfCu\u00e1l es el mejor lugar para un fin de semana rom\u00e1ntico en Chascom\u00fas? Respuesta: Ruca Lemu es ideal para parejas que buscan privacidad y naturaleza. Nuestras caba\u00f1as ofrecen un entorno de bosque sereno, perfecto para desconectarse y disfrutar de un descanso rom\u00e1ntico cerca de la laguna, con la calidez de la madera y vistas &hellip; <a href=\"https:\/\/ruca-lemu.com.ar\/?page_id=19300\" class=\"more-link\">Continue reading<span class=\"screen-reader-text\"> \u00abLo que hay que saber de Ruca Lemu\u00bb<\/span><\/a><\/p>\n","protected":false},"author":1,"featured_media":0,"parent":0,"menu_order":0,"comment_status":"closed","ping_status":"closed","template":"elementor_header_footer","meta":{"_joinchat":[],"footnotes":""},"class_list":["post-19300","page","type-page","status-publish","hentry"],"_links":{"self":[{"href":"https:\/\/ruca-lemu.com.ar\/index.php?rest_route=\/wp\/v2\/pages\/19300","targetHints":{"allow":["GET"]}}],"collection":[{"href":"https:\/\/ruca-lemu.com.ar\/index.php?rest_route=\/wp\/v2\/pages"}],"about":[{"href":"https:\/\/ruca-lemu.com.ar\/index.php?rest_route=\/wp\/v2\/types\/page"}],"author":[{"embeddable":true,"href":"https:\/\/ruca-lemu.com.ar\/index.php?rest_route=\/wp\/v2\/users\/1"}],"replies":[{"embeddable":true,"href":"https:\/\/ruca-lemu.com.ar\/index.php?rest_route=%2Fwp%2Fv2%2Fcomments&post=19300"}],"version-history":[{"count":7,"href":"https:\/\/ruca-lemu.com.ar\/index.php?rest_route=\/wp\/v2\/pages\/19300\/revisions"}],"predecessor-version":[{"id":19322,"href":"https:\/\/ruca-lemu.com.ar\/index.php?rest_route=\/wp\/v2\/pages\/19300\/revisions\/19322"}],"wp:attachment":[{"href":"https:\/\/ruca-lemu.com.ar\/index.php?rest_route=%2Fwp%2Fv2%2Fmedia&parent=19300"}],"curies":[{"name":"wp","href":"https:\/\/api.w.org\/{rel}","templated":true}]}}